{"id":3727,"date":"2025-06-30T11:06:09","date_gmt":"2025-06-30T09:06:09","guid":{"rendered":"https:\/\/www.orthopedix-france.fr\/?page_id=3727"},"modified":"2025-11-27T12:31:31","modified_gmt":"2025-11-27T11:31:31","slug":"carbon-cutting","status":"publish","type":"page","link":"https:\/\/www.orthopedix-france.fr\/en\/carbon-cutting\/","title":{"rendered":"Carbon cutting"},"content":{"rendered":"<section class=\"core core-cover\" data-scroll-section><div class=\"container\">\n<div class=\"wp-block-cover\" style=\"min-height:253px;aspect-ratio:unset;\"><img loading=\"lazy\" decoding=\"async\" width=\"596\" height=\"405\" class=\"wp-block-cover__image-background wp-image-3590 size-full\" alt=\"Plain Prepreg\" src=\"https:\/\/www.orthopedix-france.fr\/app\/uploads\/2025\/06\/plain-prepreg.jpg\" data-object-fit=\"cover\" srcset=\"https:\/\/www.orthopedix-france.fr\/app\/uploads\/2025\/06\/plain-prepreg.jpg 596w, https:\/\/www.orthopedix-france.fr\/app\/uploads\/2025\/06\/plain-prepreg-300x204.jpg 300w\" sizes=\"auto, (max-width: 596px) 100vw, 596px\" \/><span aria-hidden=\"true\" class=\"wp-block-cover__background has-noir-background-color has-background-dim-40 has-background-dim\"><\/span><div class=\"wp-block-cover__inner-container is-layout-flow wp-block-cover-is-layout-flow\">\n<p class=\"has-text-align-center has-blanc-color has-text-color has-link-color has-large-font-size wp-elements-e730f53306f70859a14218f9ebf4900a\" style=\"font-style:normal;font-weight:700\">CARBON CUTTING<\/p>\n<\/div><\/div>\n<\/div><\/section>\n\n<div class=\"core core-columns\" data-scroll-section><div class=\"container\">\n<div class=\"wp-block-columns are-vertically-aligned-center is-layout-flex wp-container-core-columns-is-layout-9d6595d7 wp-block-columns-is-layout-flex\">\n<div class=\"wp-block-column is-vertically-aligned-center is-layout-flow wp-block-column-is-layout-flow\">\n<h5 class=\"wp-block-heading has-text-align-center is-style-default\" style=\"font-style:normal;font-weight:400\"><strong>Our carbon, our expertise<\/strong><br><br>From your scanned file, we provide pattern making and cutting of pre-preg carbon with optimal precision, delivering ready-to-use parts.<\/h5>\n<\/div>\n<\/div>\n<\/div><\/div>\n\n<div class=\"core core-columns\" data-scroll-section><div class=\"container\">\n<div class=\"wp-block-columns are-vertically-aligned-center is-layout-flex wp-container-core-columns-is-layout-9d6595d7 wp-block-columns-is-layout-flex\">\n<div class=\"wp-block-column is-vertically-aligned-center is-layout-flow wp-block-column-is-layout-flow\"><div class=\"wp-block-image is-style-rounded\">\n<figure class=\"aligncenter size-full is-resized\"><img loading=\"lazy\" decoding=\"async\" width=\"156\" height=\"246\" src=\"https:\/\/www.orthopedix-france.fr\/app\/uploads\/2024\/01\/capture-decran-05.01.2024-a-12.53.42-pm.png\" alt=\"d\u00e9coupe carbone - releveur\" class=\"wp-image-2117\" style=\"width:141px;height:auto\"\/><\/figure>\n<\/div>\n\n\n<div style=\"height:20px\" aria-hidden=\"true\" class=\"wp-block-spacer\"><\/div>\n\n\n\n<p class=\"has-text-align-center\"><strong>Un releveur<\/strong><\/p>\n<\/div>\n\n\n\n<div class=\"wp-block-column is-vertically-aligned-center is-layout-flow wp-block-column-is-layout-flow\"><div class=\"wp-block-image is-style-rounded\">\n<figure class=\"aligncenter size-full is-resized\"><img loading=\"lazy\" decoding=\"async\" width=\"172\" height=\"184\" src=\"https:\/\/www.orthopedix-france.fr\/app\/uploads\/2024\/01\/capture-decran-05.01.2024-a-12.53.45-pm.png\" alt=\"d\u00e9coupe carbone - trac\u00e9\" class=\"wp-image-2118\" style=\"aspect-ratio:0.6666666666666666;object-fit:cover;width:148px;height:auto\"\/><\/figure>\n<\/div>\n\n\n<div style=\"height:23px\" aria-hidden=\"true\" class=\"wp-block-spacer\"><\/div>\n\n\n\n<p class=\"has-text-align-center\"><strong>Trac\u00e9<\/strong><\/p>\n<\/div>\n\n\n\n<div class=\"wp-block-column is-vertically-aligned-center is-layout-flow wp-block-column-is-layout-flow\"><div class=\"wp-block-image is-style-rounded\">\n<figure class=\"aligncenter size-full is-resized\"><img loading=\"lazy\" decoding=\"async\" width=\"134\" height=\"192\" src=\"https:\/\/www.orthopedix-france.fr\/app\/uploads\/2024\/01\/capture-decran-05.01.2024-a-12.53.48-pm.png\" alt=\"d\u00e9coupe carbone - rendu du trac\u00e9\" class=\"wp-image-2119\" style=\"aspect-ratio:0.6666666666666666;object-fit:cover;width:151px;height:auto\"\/><\/figure>\n<\/div>\n\n\n<div style=\"height:24px\" aria-hidden=\"true\" class=\"wp-block-spacer\"><\/div>\n\n\n\n<p class=\"has-text-align-center\"><strong>Rendu du trac\u00e9<\/strong><\/p>\n<\/div>\n\n\n\n<div class=\"wp-block-column is-vertically-aligned-center is-layout-flow wp-block-column-is-layout-flow\"><div class=\"wp-block-image\">\n<figure class=\"aligncenter size-full is-resized\"><img loading=\"lazy\" decoding=\"async\" width=\"194\" height=\"180\" src=\"https:\/\/www.orthopedix-france.fr\/app\/uploads\/2024\/01\/capture-decran-05.01.2024-a-12.53.51-pm.png\" alt=\"d\u00e9coupe carbone - mise a plat du trace\" class=\"wp-image-2120\" style=\"aspect-ratio:0.75;object-fit:cover;width:179px;height:auto\"\/><\/figure>\n<\/div>\n\n\n<div style=\"height:6px\" aria-hidden=\"true\" class=\"wp-block-spacer\"><\/div>\n\n\n\n<p class=\"has-text-align-center\"><strong>Mise \u00e0 plat du trac\u00e9<\/strong><\/p>\n<\/div>\n<\/div>\n<\/div><\/div>\n\n<section class=\"core-inline core-paragraph\" data-scroll-section><div class=\"container\">\n<p class=\"has-text-align-center is-style-body-small\">We offer our expertise to carry out <strong>pattern making and cutting of prepreg carbon fiber<\/strong> based on your 3D scan files or technical drawings. Thanks to high-precision cutting tools, we guarantee parts that meet your strictest requirements.<\/p>\n<\/div><\/section>\n\n<section class=\"core-inline core-heading\" data-scroll-section><div class=\"container\">\n<h3 class=\"wp-block-heading has-text-align-center\"><strong>A material of the future, in your hands<\/strong><\/h3>\n<\/div><\/section>\n\n<section class=\"core-inline core-paragraph\" data-scroll-section><div class=\"container\">\n<p class=\"has-text-align-center is-style-body-small\">Choosing carbon means betting on innovation, performance, and durability. Whether you are designing a technical part, a prototype, or a production run, we support you with rigor and responsiveness.<\/p>\n<\/div><\/section>\n\n<div class=\"core core-columns\" data-scroll-section><div class=\"container\">\n<div class=\"wp-block-columns is-layout-flex wp-container-core-columns-is-layout-9d6595d7 wp-block-columns-is-layout-flex\">\n<div class=\"wp-block-column is-layout-flow wp-block-column-is-layout-flow\">\n<figure class=\"wp-block-image size-full is-style-rounded\"><img loading=\"lazy\" decoding=\"async\" width=\"1707\" height=\"2560\" src=\"https:\/\/www.orthopedix-france.fr\/app\/uploads\/2025\/06\/carbone-2-scaled.jpg\" alt=\"d\u00e9coupe carbone\" class=\"wp-image-3685\" style=\"aspect-ratio:16\/9;object-fit:cover\" srcset=\"https:\/\/www.orthopedix-france.fr\/app\/uploads\/2025\/06\/carbone-2-scaled.jpg 1707w, https:\/\/www.orthopedix-france.fr\/app\/uploads\/2025\/06\/carbone-2-200x300.jpg 200w, https:\/\/www.orthopedix-france.fr\/app\/uploads\/2025\/06\/carbone-2-683x1024.jpg 683w, https:\/\/www.orthopedix-france.fr\/app\/uploads\/2025\/06\/carbone-2-768x1152.jpg 768w, https:\/\/www.orthopedix-france.fr\/app\/uploads\/2025\/06\/carbone-2-1024x1536.jpg 1024w, https:\/\/www.orthopedix-france.fr\/app\/uploads\/2025\/06\/carbone-2-1365x2048.jpg 1365w\" sizes=\"auto, (max-width: 1707px) 100vw, 1707px\" \/><\/figure>\n<\/div>\n\n\n\n<div class=\"wp-block-column is-layout-flow wp-block-column-is-layout-flow\">\n<figure class=\"wp-block-image size-full is-style-rounded\"><img loading=\"lazy\" decoding=\"async\" width=\"1707\" height=\"2560\" src=\"https:\/\/www.orthopedix-france.fr\/app\/uploads\/2025\/06\/carbone-scaled.jpg\" alt=\"d\u00e9coupe carbone 2\" class=\"wp-image-3687\" style=\"aspect-ratio:16\/9;object-fit:cover\" srcset=\"https:\/\/www.orthopedix-france.fr\/app\/uploads\/2025\/06\/carbone-scaled.jpg 1707w, https:\/\/www.orthopedix-france.fr\/app\/uploads\/2025\/06\/carbone-200x300.jpg 200w, https:\/\/www.orthopedix-france.fr\/app\/uploads\/2025\/06\/carbone-683x1024.jpg 683w, https:\/\/www.orthopedix-france.fr\/app\/uploads\/2025\/06\/carbone-768x1152.jpg 768w, https:\/\/www.orthopedix-france.fr\/app\/uploads\/2025\/06\/carbone-1024x1536.jpg 1024w, https:\/\/www.orthopedix-france.fr\/app\/uploads\/2025\/06\/carbone-1365x2048.jpg 1365w\" sizes=\"auto, (max-width: 1707px) 100vw, 1707px\" \/><\/figure>\n<\/div>\n<\/div>\n<\/div><\/div>\n\n\n<div class=\"wp-block-group is-style-body-small has-orange-background-color has-background\"data-scroll-section ><div class=\"wp-block-group__inner-container is-layout-constrained wp-block-group-is-layout-constrained\"><div class=\"wp-block-image\">\n<figure class=\"aligncenter size-full is-resized\"><img loading=\"lazy\" decoding=\"async\" width=\"41\" height=\"46\" src=\"https:\/\/www.orthopedix-france.fr\/app\/uploads\/2023\/09\/live_help.png\" alt=\"Live Help\" class=\"wp-image-312\" style=\"width:36px;height:40px\"\/><\/figure>\n<\/div>\n\n\n<h2 class=\"wp-block-heading has-text-align-center has-blanc-color has-text-color\">Need a quote? Have a question? We\u2019re here to help!<\/h2>\n\n\n\n<p class=\"has-text-align-center is-style-body-small has-blanc-color has-text-color\">Feel free to contact our team by email at : <em><strong><a href=\"mailto:syrine.zaouak@orthopedix-france.fr\">syrine.zaouak@orthopedix-france.fr<\/a><\/strong><\/em> or by phone at <a href=\"tel:+33 (0)4 77 19 59 94.\"><strong>+33 (0)4 77 19 59 94<\/strong>.<\/a><\/p>\n<\/div><\/div>\n\n\n<section class=\"core-inline core-paragraph\" data-scroll-section><div class=\"container\">\n<p><\/p>\n<\/div><\/section>","protected":false},"excerpt":{"rendered":"<p>Our carbon, our expertise From your scanned file, we provide pattern making and cutting of pre-preg carbon with optimal precision, delivering ready-to-use parts. Un releveur Trac\u00e9 Rendu du trac\u00e9 Mise \u00e0 plat du trac\u00e9 We offer our expertise to carry out pattern making and cutting of prepreg carbon fiber based on your 3D scan files [&hellip;]<\/p>\n","protected":false},"author":5,"featured_media":0,"parent":0,"menu_order":0,"comment_status":"closed","ping_status":"closed","template":"","meta":{"_acf_changed":false,"footnotes":""},"class_list":["post-3727","page","type-page","status-publish","hentry"],"acf":[],"yoast_head":"<!-- This site is optimized with the Yoast SEO plugin v27.1.1 - https:\/\/yoast.com\/product\/yoast-seo-wordpress\/ -->\n<title>Carbon cutting | Orthop\u00e9dix<\/title>\n<meta name=\"description\" content=\"Precise and fast carbon cutting tailored to your industrial projects, delivering custom parts that combine lightness and durability.\" \/>\n<meta name=\"robots\" content=\"index, follow, max-snippet:-1, max-image-preview:large, max-video-preview:-1\" \/>\n<link rel=\"canonical\" href=\"https:\/\/www.orthopedix-france.fr\/en\/carbon-cutting\/\" \/>\n<meta property=\"og:locale\" content=\"en_US\" \/>\n<meta property=\"og:type\" content=\"article\" \/>\n<meta property=\"og:title\" content=\"Carbon cutting | Orthop\u00e9dix\" \/>\n<meta property=\"og:description\" content=\"Precise and fast carbon cutting tailored to your industrial projects, delivering custom parts that combine lightness and durability.\" \/>\n<meta property=\"og:url\" content=\"https:\/\/www.orthopedix-france.fr\/en\/carbon-cutting\/\" \/>\n<meta property=\"og:site_name\" content=\"Orthop\u00e9dix\" \/>\n<meta property=\"article:modified_time\" content=\"2025-11-27T11:31:31+00:00\" \/>\n<meta property=\"og:image\" content=\"https:\/\/www.orthopedix-france.fr\/app\/uploads\/2025\/06\/plain-prepreg.jpg\" \/>\n\t<meta property=\"og:image:width\" content=\"596\" \/>\n\t<meta property=\"og:image:height\" content=\"405\" \/>\n\t<meta property=\"og:image:type\" content=\"image\/jpeg\" \/>\n<meta name=\"twitter:card\" content=\"summary_large_image\" \/>\n<meta name=\"twitter:label1\" content=\"Est. reading time\" \/>\n\t<meta name=\"twitter:data1\" content=\"3 minutes\" \/>\n<script type=\"application\/ld+json\" class=\"yoast-schema-graph\">{\"@context\":\"https:\/\/schema.org\",\"@graph\":[{\"@type\":\"WebPage\",\"@id\":\"https:\/\/www.orthopedix-france.fr\/en\/carbon-cutting\/\",\"url\":\"https:\/\/www.orthopedix-france.fr\/en\/carbon-cutting\/\",\"name\":\"Carbon cutting | Orthop\u00e9dix\",\"isPartOf\":{\"@id\":\"https:\/\/www.orthopedix-france.fr\/en\/#website\"},\"primaryImageOfPage\":{\"@id\":\"https:\/\/www.orthopedix-france.fr\/en\/carbon-cutting\/#primaryimage\"},\"image\":{\"@id\":\"https:\/\/www.orthopedix-france.fr\/en\/carbon-cutting\/#primaryimage\"},\"thumbnailUrl\":\"https:\/\/www.orthopedix-france.fr\/app\/uploads\/2025\/06\/plain-prepreg.jpg\",\"datePublished\":\"2025-06-30T09:06:09+00:00\",\"dateModified\":\"2025-11-27T11:31:31+00:00\",\"description\":\"Precise and fast carbon cutting tailored to your industrial projects, delivering custom parts that combine lightness and durability.\",\"breadcrumb\":{\"@id\":\"https:\/\/www.orthopedix-france.fr\/en\/carbon-cutting\/#breadcrumb\"},\"inLanguage\":\"en-US\",\"potentialAction\":[{\"@type\":\"ReadAction\",\"target\":[\"https:\/\/www.orthopedix-france.fr\/en\/carbon-cutting\/\"]}]},{\"@type\":\"ImageObject\",\"inLanguage\":\"en-US\",\"@id\":\"https:\/\/www.orthopedix-france.fr\/en\/carbon-cutting\/#primaryimage\",\"url\":\"https:\/\/www.orthopedix-france.fr\/app\/uploads\/2025\/06\/plain-prepreg.jpg\",\"contentUrl\":\"https:\/\/www.orthopedix-france.fr\/app\/uploads\/2025\/06\/plain-prepreg.jpg\"},{\"@type\":\"BreadcrumbList\",\"@id\":\"https:\/\/www.orthopedix-france.fr\/en\/carbon-cutting\/#breadcrumb\",\"itemListElement\":[{\"@type\":\"ListItem\",\"position\":1,\"name\":\"Accueil\",\"item\":\"https:\/\/www.orthopedix-france.fr\/en\/\"},{\"@type\":\"ListItem\",\"position\":2,\"name\":\"Carbon cutting\"}]},{\"@type\":\"WebSite\",\"@id\":\"https:\/\/www.orthopedix-france.fr\/en\/#website\",\"url\":\"https:\/\/www.orthopedix-france.fr\/en\/\",\"name\":\"Orthop\u00e9dix\",\"description\":\"Nous innovons, vous avancez !\",\"publisher\":{\"@id\":\"https:\/\/www.orthopedix-france.fr\/en\/#organization\"},\"potentialAction\":[{\"@type\":\"SearchAction\",\"target\":{\"@type\":\"EntryPoint\",\"urlTemplate\":\"https:\/\/www.orthopedix-france.fr\/en\/?s={search_term_string}\"},\"query-input\":{\"@type\":\"PropertyValueSpecification\",\"valueRequired\":true,\"valueName\":\"search_term_string\"}}],\"inLanguage\":\"en-US\"},{\"@type\":\"Organization\",\"@id\":\"https:\/\/www.orthopedix-france.fr\/en\/#organization\",\"name\":\"Orthop\u00e9dix\",\"url\":\"https:\/\/www.orthopedix-france.fr\/en\/\",\"logo\":{\"@type\":\"ImageObject\",\"inLanguage\":\"en-US\",\"@id\":\"https:\/\/www.orthopedix-france.fr\/en\/#\/schema\/logo\/image\/\",\"url\":\"https:\/\/www.orthopedix-france.fr\/app\/uploads\/2023\/09\/cropped-favicon.png\",\"contentUrl\":\"https:\/\/www.orthopedix-france.fr\/app\/uploads\/2023\/09\/cropped-favicon.png\",\"width\":512,\"height\":512,\"caption\":\"Orthop\u00e9dix\"},\"image\":{\"@id\":\"https:\/\/www.orthopedix-france.fr\/en\/#\/schema\/logo\/image\/\"}}]}<\/script>\n<!-- \/ Yoast SEO plugin. -->","yoast_head_json":{"title":"Carbon cutting | Orthop\u00e9dix","description":"Precise and fast carbon cutting tailored to your industrial projects, delivering custom parts that combine lightness and durability.","robots":{"index":"index","follow":"follow","max-snippet":"max-snippet:-1","max-image-preview":"max-image-preview:large","max-video-preview":"max-video-preview:-1"},"canonical":"https:\/\/www.orthopedix-france.fr\/en\/carbon-cutting\/","og_locale":"en_US","og_type":"article","og_title":"Carbon cutting | Orthop\u00e9dix","og_description":"Precise and fast carbon cutting tailored to your industrial projects, delivering custom parts that combine lightness and durability.","og_url":"https:\/\/www.orthopedix-france.fr\/en\/carbon-cutting\/","og_site_name":"Orthop\u00e9dix","article_modified_time":"2025-11-27T11:31:31+00:00","og_image":[{"width":596,"height":405,"url":"https:\/\/www.orthopedix-france.fr\/app\/uploads\/2025\/06\/plain-prepreg.jpg","type":"image\/jpeg"}],"twitter_card":"summary_large_image","twitter_misc":{"Est. reading time":"3 minutes"},"schema":{"@context":"https:\/\/schema.org","@graph":[{"@type":"WebPage","@id":"https:\/\/www.orthopedix-france.fr\/en\/carbon-cutting\/","url":"https:\/\/www.orthopedix-france.fr\/en\/carbon-cutting\/","name":"Carbon cutting | Orthop\u00e9dix","isPartOf":{"@id":"https:\/\/www.orthopedix-france.fr\/en\/#website"},"primaryImageOfPage":{"@id":"https:\/\/www.orthopedix-france.fr\/en\/carbon-cutting\/#primaryimage"},"image":{"@id":"https:\/\/www.orthopedix-france.fr\/en\/carbon-cutting\/#primaryimage"},"thumbnailUrl":"https:\/\/www.orthopedix-france.fr\/app\/uploads\/2025\/06\/plain-prepreg.jpg","datePublished":"2025-06-30T09:06:09+00:00","dateModified":"2025-11-27T11:31:31+00:00","description":"Precise and fast carbon cutting tailored to your industrial projects, delivering custom parts that combine lightness and durability.","breadcrumb":{"@id":"https:\/\/www.orthopedix-france.fr\/en\/carbon-cutting\/#breadcrumb"},"inLanguage":"en-US","potentialAction":[{"@type":"ReadAction","target":["https:\/\/www.orthopedix-france.fr\/en\/carbon-cutting\/"]}]},{"@type":"ImageObject","inLanguage":"en-US","@id":"https:\/\/www.orthopedix-france.fr\/en\/carbon-cutting\/#primaryimage","url":"https:\/\/www.orthopedix-france.fr\/app\/uploads\/2025\/06\/plain-prepreg.jpg","contentUrl":"https:\/\/www.orthopedix-france.fr\/app\/uploads\/2025\/06\/plain-prepreg.jpg"},{"@type":"BreadcrumbList","@id":"https:\/\/www.orthopedix-france.fr\/en\/carbon-cutting\/#breadcrumb","itemListElement":[{"@type":"ListItem","position":1,"name":"Accueil","item":"https:\/\/www.orthopedix-france.fr\/en\/"},{"@type":"ListItem","position":2,"name":"Carbon cutting"}]},{"@type":"WebSite","@id":"https:\/\/www.orthopedix-france.fr\/en\/#website","url":"https:\/\/www.orthopedix-france.fr\/en\/","name":"Orthop\u00e9dix","description":"Nous innovons, vous avancez !","publisher":{"@id":"https:\/\/www.orthopedix-france.fr\/en\/#organization"},"potentialAction":[{"@type":"SearchAction","target":{"@type":"EntryPoint","urlTemplate":"https:\/\/www.orthopedix-france.fr\/en\/?s={search_term_string}"},"query-input":{"@type":"PropertyValueSpecification","valueRequired":true,"valueName":"search_term_string"}}],"inLanguage":"en-US"},{"@type":"Organization","@id":"https:\/\/www.orthopedix-france.fr\/en\/#organization","name":"Orthop\u00e9dix","url":"https:\/\/www.orthopedix-france.fr\/en\/","logo":{"@type":"ImageObject","inLanguage":"en-US","@id":"https:\/\/www.orthopedix-france.fr\/en\/#\/schema\/logo\/image\/","url":"https:\/\/www.orthopedix-france.fr\/app\/uploads\/2023\/09\/cropped-favicon.png","contentUrl":"https:\/\/www.orthopedix-france.fr\/app\/uploads\/2023\/09\/cropped-favicon.png","width":512,"height":512,"caption":"Orthop\u00e9dix"},"image":{"@id":"https:\/\/www.orthopedix-france.fr\/en\/#\/schema\/logo\/image\/"}}]}},"_links":{"self":[{"href":"https:\/\/www.orthopedix-france.fr\/en\/wp-json\/wp\/v2\/pages\/3727","targetHints":{"allow":["GET"]}}],"collection":[{"href":"https:\/\/www.orthopedix-france.fr\/en\/wp-json\/wp\/v2\/pages"}],"about":[{"href":"https:\/\/www.orthopedix-france.fr\/en\/wp-json\/wp\/v2\/types\/page"}],"author":[{"embeddable":true,"href":"https:\/\/www.orthopedix-france.fr\/en\/wp-json\/wp\/v2\/users\/5"}],"replies":[{"embeddable":true,"href":"https:\/\/www.orthopedix-france.fr\/en\/wp-json\/wp\/v2\/comments?post=3727"}],"version-history":[{"count":4,"href":"https:\/\/www.orthopedix-france.fr\/en\/wp-json\/wp\/v2\/pages\/3727\/revisions"}],"predecessor-version":[{"id":3748,"href":"https:\/\/www.orthopedix-france.fr\/en\/wp-json\/wp\/v2\/pages\/3727\/revisions\/3748"}],"wp:attachment":[{"href":"https:\/\/www.orthopedix-france.fr\/en\/wp-json\/wp\/v2\/media?parent=3727"}],"curies":[{"name":"wp","href":"https:\/\/api.w.org\/{rel}","templated":true}]}}