{"id":2629,"date":"2023-10-09T13:38:18","date_gmt":"2023-10-09T11:38:18","guid":{"rendered":"https:\/\/www.orthopedix-france.fr\/?page_id=2629"},"modified":"2026-03-31T16:58:19","modified_gmt":"2026-03-31T14:58:19","slug":"cascade-dafo","status":"publish","type":"page","link":"https:\/\/www.orthopedix-france.fr\/en\/cascade-dafo\/","title":{"rendered":"Cascade DAFO"},"content":{"rendered":"<section class=\"core-inline core-paragraph\" data-scroll-section><div class=\"container\">\n<p>VERSION EN<\/p>\n<\/div><\/section>\n\n<section class=\"acf top-dafo\">\n    <div class=\"large-container\">\n        <div class=\"contain-txt\">\n                            <div class=\"picto\">\n                    <picture>\n                        <source type=\"image\/webp\" srcset=\"https:\/\/www.orthopedix-france.fr\/app\/uploads\/2023\/10\/vector.svg, https:\/\/www.orthopedix-france.fr\/app\/uploads\/2023\/10\/vector.svg 2x\">\n                        <source type=\"image\/jpeg\" srcset=\"https:\/\/www.orthopedix-france.fr\/app\/uploads\/2023\/10\/vector.svg, https:\/\/www.orthopedix-france.fr\/app\/uploads\/2023\/10\/vector.svg 2x\">\n                        <img decoding=\"async\" loading=\"eager\" src=\"https:\/\/www.orthopedix-france.fr\/app\/uploads\/2023\/10\/vector.svg\" alt=\"\" width=\"50\" height=\"50\"\/>\n                    <\/picture>\n                <\/div>\n                        <h1>Cascade DAFO<\/h1>\n            <div class=\"contain-text\">\n                <p><em><strong>Orthop\u00e9dix, est le distributeur officiel des orth\u00e8ses p\u00e9diatriques Cascade Dafo pour la France (m\u00e9tropolitaine et DROM) et la Belgique.<\/strong><\/em><\/p>\n<p>Notre \u00e9quipe vous offre un accompagnement d\u00e9di\u00e9 pour vous aider \u00e0 choisir, commander, utiliser et ajuster les produits de Cascade Dafo.<br \/>\nUne formation et une certification aux m\u00e9thodes et aux produits Cascade Dafo sont n\u00e9cessaires pour vous permettre d\u2019appareiller vos patients avec ces orth\u00e8ses uniques. Notre \u00e9quipe est la seule habilit\u00e9e \u00e0 d\u00e9livrer cette formation certifiante en France (m\u00e9tropolitaine et DROM) et en Belgique. N\u2019h\u00e9sitez pas \u00e0 <a href=\"https:\/\/www.orthopedix-france.fr\/contact\/\">nous contacter<\/a> pour en savoir plus sur accompagnement.<\/p>\n\n            <\/div>\n                            <a href=\"https:\/\/www.orthopedix-france.fr\/en\/\/connexion\/\" class=\"btn\">Se connecter en tant que professionnel<\/a>\n                    <\/div>\n                    <div class=\"contain-img\">\n                                    <div class=\"logo\">\n                        <picture>\n                            <source type=\"image\/webp\" srcset=\"https:\/\/www.orthopedix-france.fr\/app\/uploads\/2023\/10\/image-36-180x0-c-default.webp, https:\/\/www.orthopedix-france.fr\/app\/uploads\/2023\/10\/image-36-180x0-c-default@2x.webp 2x\">\n                            <source type=\"image\/jpeg\" srcset=\"https:\/\/www.orthopedix-france.fr\/app\/uploads\/2023\/10\/image-36-180x0-c-default.jpg, https:\/\/www.orthopedix-france.fr\/app\/uploads\/2023\/10\/image-36-180x0-c-default@2x.jpg 2x\">\n                            <img decoding=\"async\" loading=\"eager\" src=\"https:\/\/www.orthopedix-france.fr\/app\/uploads\/2023\/10\/image-36-180x0-c-default.jpg\" alt=\"\" width=\"180\" height=\"180\"\/>\n                        <\/picture>\n                    <\/div>\n                                <div class=\"img\">\n                    <picture>\n                        <source type=\"image\/webp\" srcset=\"https:\/\/www.orthopedix-france.fr\/app\/uploads\/2023\/10\/image-40-800x0-c-default.webp, https:\/\/www.orthopedix-france.fr\/app\/uploads\/2023\/10\/image-40-800x0-c-default@2x.webp 2x\">\n                        <source type=\"image\/jpeg\" srcset=\"https:\/\/www.orthopedix-france.fr\/app\/uploads\/2023\/10\/image-40-800x0-c-default.jpg, https:\/\/www.orthopedix-france.fr\/app\/uploads\/2023\/10\/image-40-800x0-c-default@2x.jpg 2x\">\n                        <img fetchpriority=\"high\" decoding=\"async\" loading=\"eager\" src=\"https:\/\/www.orthopedix-france.fr\/app\/uploads\/2023\/10\/image-40-800x0-c-default.jpg\" alt=\"\" width=\"800\" height=\"600\"\/>\n                    <\/picture>\n                <\/div>\n            <\/div>\n            <\/div>\n<\/section>\n\n<section class=\"acf liste-large-de-produits\">\n    <div class=\"container\">\n        <div class=\"contain-products swiper\">\n            <div class=\"top\">\n                <strong class=\"title\">La gamme pr\u00e9-fabriqu\u00e9e Cascade FAST FIT<\/strong>\n            <\/div>\n            <div class=\"swiper-wrapper\">\n                            <\/div>\n            <div class=\"contain-navigation\">\n                <div class=\"swiper-button-prev-block-products-list-2\"><\/div>\n                <div class=\"swiper-pagination-block-products-list-2\"><\/div>\n                <div class=\"swiper-button-next-block-products-list-2\"><\/div>\n            <\/div>\n        <\/div>\n    <\/div>\n<\/section>\n\n<section class=\"acf liste-large-de-produits\">\n    <div class=\"container\">\n        <div class=\"contain-products swiper\">\n            <div class=\"top\">\n                <strong class=\"title\">La gamme sur mesure Cascade DAFO<\/strong>\n            <\/div>\n            <div class=\"swiper-wrapper\">\n                            <\/div>\n            <div class=\"contain-navigation\">\n                <div class=\"swiper-button-prev-block-products-list-2\"><\/div>\n                <div class=\"swiper-pagination-block-products-list-2\"><\/div>\n                <div class=\"swiper-button-next-block-products-list-2\"><\/div>\n            <\/div>\n        <\/div>\n    <\/div>\n<\/section>\n\n<section class=\"acf bandeau-dafo\">\n    <div class=\"container\">\n                                    <div class=\"bloc\">\n                    <h2>Vous \u00eates professionnel ?<\/h2>\n                                            <div class=\"txt\">\n                            <p>Si vous \u00eates agr\u00e9e CASCADE DAFO, cr\u00e9er votre compte pour avoir acc\u00e8s \u00e0 tout les documents \u00e0 jour.<\/p>\n<p>Si vous n&#8217;\u00eates pas encore agr\u00e9e, et que vous souhaitez \u00eatre form\u00e9 pour appareiller vos patients avec nos produits CASCADE DAFO. Nous serons ravis de vous renseigner.<\/p>\n\n                        <\/div>\n                                                                <a href=\"https:\/\/www.orthopedix-france.fr\/connexion\/\" class=\"btn\">Se connecter en tant que professionnel<\/a>\n                                    <\/div>\n                            <div class=\"bloc\">\n                    <h2>Vous \u00eates particulier ?<\/h2>\n                                            <div class=\"txt\">\n                            <p>Vous \u00eates \u00e0 la recherche d&#8217;un Orthoproth\u00e9siste agr\u00e9e CASCADE DAFO, ou vous souhaitez des informations sur notre gamme. N&#8217;h\u00e9sitez pas \u00e0 prendre contact avec nous.<\/p>\n\n                        <\/div>\n                                                                <a href=\"https:\/\/www.orthopedix-france.fr\/contact\/\" class=\"btn black\">Envoyez nous un message<\/a>\n                                    <\/div>\n                        <\/div>\n<\/section>\n\n<div class=\"core core-columns\" data-scroll-section><div class=\"container\">\n<div class=\"wp-block-columns is-layout-flex wp-container-core-columns-is-layout-9d6595d7 wp-block-columns-is-layout-flex\">\n<div class=\"wp-block-column is-layout-flow wp-block-column-is-layout-flow\"><section class=\"acf carte\">\n    <div class=\"container\">\n                    <h2>Nos centres agr\u00e9\u00e9s<\/h2>\n                <div class=\"contain-map\">\n            <div class=\"mapLocationsInst\" data-locations='{\"0\":{\"title\":\"Rennes\",\"latitude\":\"48.07571\",\"longitude\":\"-1.62890\"},\"1\":{\"title\":\"Le Mans\",\"latitude\":\"48.05676\",\"longitude\":\"1.16591\"},\"2\":{\"title\":\"Toulouse\",\"latitude\":\"43.61457\",\"longitude\":\"1.39069\"},\"3\":{\"title\":\"Nice\",\"latitude\":\"43.70540\",\"longitude\":\"7.25865\"},\"4\":{\"title\":\"Loos\",\"latitude\":\"50.60316\",\"longitude\":\"4.04334\"},\"5\":{\"title\":\"Ch\\u00e2teauroux\",\"latitude\":\"46.84145\",\"longitude\":\"1.70500\"},\"6\":{\"title\":\"Saint-Doulchard\",\"latitude\":\"47.09761\",\"longitude\":\"2.36815\"},\"7\":{\"title\":\"Saint-Etienne\",\"latitude\":\"45.45853\",\"longitude\":\"4.41600\"},\"8\":{\"title\":\"Lyon\",\"latitude\":\"45.76271\",\"longitude\":\"4.81955\"},\"9\":{\"title\":\"Fontaine\",\"latitude\":\"45.19241\",\"longitude\":\"5.69571\"},\"10\":{\"title\":\"Valenciennes\",\"latitude\":\"50.35948\",\"longitude\":\"3.51455\"},\"11\":{\"title\":\"Dijon\",\"latitude\":\"47.34143\",\"longitude\":\"5.07907\"},\"12\":{\"title\":\"Poitiers\",\"latitude\":\"46.60082\",\"longitude\":\"0.30419\"},\"13\":{\"title\":\"Port-Sainte-Marie\",\"latitude\":\"44.25020\",\"longitude\":\"0.36604\"},\"14\":{\"title\":\"Lorient\",\"latitude\":\"47.75747\",\"longitude\":\"-3.38591\"},\"15\":{\"title\":\"Tours\",\"latitude\":\"47.36689\",\"longitude\":\"0.72101\"},\"16\":{\"title\":\"Paris\",\"latitude\":\"48.73053\",\"longitude\":\"2.30993\"},\"17\":{\"title\":\"Calais\",\"latitude\":\"49.94332\",\"longitude\":\"1.89819\"},\"18\":{\"title\":\"Douai\",\"latitude\":\"50.36309\",\"longitude\":\"3.0673\"},\"19\":{\"title\":\"Cambrai\",\"latitude\":\"50.1807\",\"longitude\":\"3.24708\"},\"20\":{\"title\":\"Cournon-d\\u0027Auvergne\",\"latitude\":\"45.75077\",\"longitude\":\"3.19844\"},\"21\":{\"title\":\"Montpellier\",\"latitude\":\"43.62106\",\"longitude\":\"3.82315\"},\"22\":{\"title\":\"Pollestres\",\"latitude\":\"42.63761\",\"longitude\":\"2.87469\"},\"23\":{\"title\":\"Bordeaux\",\"latitude\":\"44.80313\",\"longitude\":\"-0.57164\"}}'><\/div>\n        <\/div>\n    <\/div>\n<\/section><\/div>\n\n\n\n<div class=\"wp-block-column is-layout-flow wp-block-column-is-layout-flow\"><\/div>\n<\/div>\n<\/div><\/div>\n\n<section class=\"core-inline core-heading\" data-scroll-section><div class=\"container\">\n<h2 class=\"wp-block-heading has-text-align-center\">Ils t\u00e9moignent de leur exp\u00e9rience<\/h2>\n<\/div><\/section>\n\n<div class=\"core core-columns\" data-scroll-section><div class=\"container\">\n<div class=\"wp-block-columns is-style-marge-normale is-layout-flex wp-container-core-columns-is-layout-9d6595d7 wp-block-columns-is-layout-flex\">\n<div class=\"wp-block-column is-layout-flow wp-block-column-is-layout-flow\"><section class=\"acf temoignages\">\n    <div class=\"container\">\n                    <p class=\"title\">Professionnels<\/p>\n                    <\/div>\n<\/section><\/div>\n\n\n\n<div class=\"wp-block-column is-layout-flow wp-block-column-is-layout-flow\"><section class=\"acf temoignages\">\n    <div class=\"container\">\n                    <p class=\"title\">Particuliers<\/p>\n                            <div class=\"contain-testimonials swiper\">\n                <div class=\"swiper-wrapper\">\n                                            <a class=\"swiper-slide elem\" href=\"https:\/\/www.orthopedix-france.fr\/temoignages\/societe-2\/\">\n                                                            <picture>\n                                    <source type=\"image\/webp\" srcset=\"https:\/\/www.orthopedix-france.fr\/app\/uploads\/2023\/09\/logo-ortho-expert.webp, https:\/\/www.orthopedix-france.fr\/app\/uploads\/2023\/09\/logo-ortho-expert@2x.webp 2x\">\n                                    <source type=\"image\/jpeg\" srcset=\"https:\/\/www.orthopedix-france.fr\/app\/uploads\/2023\/09\/logo-ortho-expert.jpg, https:\/\/www.orthopedix-france.fr\/app\/uploads\/2023\/09\/logo-ortho-expert@2x.jpg 2x\">\n                                    <img loading=\"lazy\" decoding=\"async\" src=\"https:\/\/www.orthopedix-france.fr\/app\/uploads\/2023\/09\/logo-ortho-expert.png\" width=\"230\" height=\"140\" alt=\"Logo Ortho Expert\" class=\"thumbnail\">\n                                <\/picture>\n                                                                                        <p class=\"post-excerpt\">Nos patients sont tr\u00e8s satisfaits de vos housses, les retours sont tr\u00e8s positifs je vous remercie pour cette collaboration. &nbsp; &nbsp;<\/p>\n                                                                                        <strong class=\"company\">Ortho Expert <\/strong>\n                                                    <\/a>\n                                            <a class=\"swiper-slide elem\" href=\"https:\/\/www.orthopedix-france.fr\/temoignages\/societe-2-2\/\">\n                                                            <picture>\n                                    <source type=\"image\/webp\" srcset=\"https:\/\/www.orthopedix-france.fr\/app\/uploads\/2023\/09\/logo-bouillat-terrier-orthopdie-300x167.webp, https:\/\/www.orthopedix-france.fr\/app\/uploads\/2023\/09\/logo-bouillat-terrier-orthopdie-300x167@2x.webp 2x\">\n                                    <source type=\"image\/jpeg\" srcset=\"https:\/\/www.orthopedix-france.fr\/app\/uploads\/2023\/09\/logo-bouillat-terrier-orthopdie-300x167.jpg, https:\/\/www.orthopedix-france.fr\/app\/uploads\/2023\/09\/logo-bouillat-terrier-orthopdie-300x167@2x.jpg 2x\">\n                                    <img loading=\"lazy\" decoding=\"async\" src=\"https:\/\/www.orthopedix-france.fr\/app\/uploads\/2023\/09\/logo-bouillat-terrier-orthopdie-300x167.png\" width=\"230\" height=\"140\" alt=\"Logo Bouillat Terrier Orthopdie\" class=\"thumbnail\">\n                                <\/picture>\n                                                                                        <p class=\"post-excerpt\">Grande satisfaction \u00e0 travailler avec Orthopedix, la qualit\u00e9 et les d\u00e9lais permettent de travailler plus sereinement<\/p>\n                                                                                        <strong class=\"company\">BTO Valence<\/strong>\n                                                    <\/a>\n                                    <\/div>\n                <div class=\"contain-navigation\">\n                    <div class=\"swiper-button-prev-block-temoignages\"><\/div>\n                    <div class=\"swiper-pagination-block-temoignages\"><\/div>\n                    <div class=\"swiper-button-next-block-temoignages\"><\/div>\n                <\/div>\n            <\/div>\n            <\/div>\n<\/section><\/div>\n<\/div>\n<\/div><\/div>\n\n<div class=\"core core-columns\" data-scroll-section><div class=\"container\">\n<div class=\"wp-block-columns are-vertically-aligned-center is-style-background-full-no-margin is-style-background-full has-blanc-color has-orange-background-color has-text-color has-background is-layout-flex wp-container-core-columns-is-layout-9d6595d7 wp-block-columns-is-layout-flex\">\n<div class=\"wp-block-column is-vertically-aligned-center is-layout-flow wp-block-column-is-layout-flow\" style=\"flex-basis:25%\">\n<figure class=\"wp-block-image size-full is-resized\"><img loading=\"lazy\" decoding=\"async\" width=\"3500\" height=\"2100\" src=\"https:\/\/www.orthopedix-france.fr\/app\/uploads\/2023\/12\/mockup-couverture0-1.png\" alt=\"Mockup Couv\" class=\"wp-image-2005\" style=\"width:377px;height:auto\" srcset=\"https:\/\/www.orthopedix-france.fr\/app\/uploads\/2023\/12\/mockup-couverture0-1.png 3500w, https:\/\/www.orthopedix-france.fr\/app\/uploads\/2023\/12\/mockup-couverture0-1-300x180.png 300w, https:\/\/www.orthopedix-france.fr\/app\/uploads\/2023\/12\/mockup-couverture0-1-1024x614.png 1024w, https:\/\/www.orthopedix-france.fr\/app\/uploads\/2023\/12\/mockup-couverture0-1-768x461.png 768w, https:\/\/www.orthopedix-france.fr\/app\/uploads\/2023\/12\/mockup-couverture0-1-1536x922.png 1536w, https:\/\/www.orthopedix-france.fr\/app\/uploads\/2023\/12\/mockup-couverture0-1-2048x1229.png 2048w\" sizes=\"auto, (max-width: 3500px) 100vw, 3500px\" \/><\/figure>\n<\/div>\n\n\n\n<div class=\"wp-block-column is-vertically-aligned-center is-layout-flow wp-block-column-is-layout-flow\" style=\"flex-basis:50%\">\n<h2 class=\"wp-block-heading\">D\u00e9couvrez notre nouveau catalogue<\/h2>\n\n\n\n<p>Vous pourrez consulter nos diff\u00e9rents produits.<\/p>\n<\/div>\n\n\n\n<div class=\"wp-block-column is-vertically-aligned-center is-layout-flow wp-block-column-is-layout-flow\" style=\"flex-basis:25%\">\n<div class=\"wp-block-buttons is-layout-flex wp-block-buttons-is-layout-flex\">\n<div class=\"wp-block-button is-style-white\"><a class=\"wp-block-button__link wp-element-button\" href=\"https:\/\/www.orthopedix-france.fr\/app\/uploads\/2023\/12\/catalogue-2024-bdef.pdf\" style=\"border-radius:6px\" target=\"_blank\" rel=\"noreferrer noopener\">T\u00e9l\u00e9charger le catalogue<\/a><\/div>\n<\/div>\n<\/div>\n<\/div>\n<\/div><\/div>","protected":false},"excerpt":{"rendered":"<p>VERSION EN Ils t\u00e9moignent de leur exp\u00e9rience D\u00e9couvrez notre nouveau catalogue Vous pourrez consulter nos diff\u00e9rents produits.<\/p>\n","protected":false},"author":8,"featured_media":0,"parent":0,"menu_order":0,"comment_status":"closed","ping_status":"closed","template":"page-simple-header.php","meta":{"_acf_changed":false,"footnotes":""},"class_list":["post-2629","page","type-page","status-publish","hentry"],"acf":[],"yoast_head":"<!-- This site is optimized with the Yoast SEO plugin v27.1.1 - https:\/\/yoast.com\/product\/yoast-seo-wordpress\/ -->\n<title>Cascade DAFO | Orthop\u00e9dix<\/title>\n<meta name=\"robots\" content=\"index, follow, max-snippet:-1, max-image-preview:large, max-video-preview:-1\" \/>\n<link rel=\"canonical\" href=\"https:\/\/www.orthopedix-france.fr\/en\/cascade-dafo\/\" \/>\n<meta property=\"og:locale\" content=\"en_US\" \/>\n<meta property=\"og:type\" content=\"article\" \/>\n<meta property=\"og:title\" content=\"Cascade DAFO | Orthop\u00e9dix\" \/>\n<meta property=\"og:description\" content=\"VERSION EN Ils t\u00e9moignent de leur exp\u00e9rience D\u00e9couvrez notre nouveau catalogue Vous pourrez consulter nos diff\u00e9rents produits.\" \/>\n<meta property=\"og:url\" content=\"https:\/\/www.orthopedix-france.fr\/en\/cascade-dafo\/\" \/>\n<meta property=\"og:site_name\" content=\"Orthop\u00e9dix\" \/>\n<meta property=\"article:modified_time\" content=\"2026-03-31T14:58:19+00:00\" \/>\n<meta property=\"og:image\" content=\"https:\/\/www.orthopedix-france.fr\/app\/uploads\/2023\/12\/mockup-couverture0-1.png\" \/>\n<meta name=\"twitter:card\" content=\"summary_large_image\" \/>\n<meta name=\"twitter:label1\" content=\"Est. reading time\" \/>\n\t<meta name=\"twitter:data1\" content=\"1 minute\" \/>\n<script type=\"application\/ld+json\" class=\"yoast-schema-graph\">{\"@context\":\"https:\/\/schema.org\",\"@graph\":[{\"@type\":\"WebPage\",\"@id\":\"https:\/\/www.orthopedix-france.fr\/en\/cascade-dafo\/\",\"url\":\"https:\/\/www.orthopedix-france.fr\/en\/cascade-dafo\/\",\"name\":\"Cascade DAFO | Orthop\u00e9dix\",\"isPartOf\":{\"@id\":\"https:\/\/www.orthopedix-france.fr\/en\/#website\"},\"primaryImageOfPage\":{\"@id\":\"https:\/\/www.orthopedix-france.fr\/en\/cascade-dafo\/#primaryimage\"},\"image\":{\"@id\":\"https:\/\/www.orthopedix-france.fr\/en\/cascade-dafo\/#primaryimage\"},\"thumbnailUrl\":\"https:\/\/www.orthopedix-france.fr\/app\/uploads\/2023\/12\/mockup-couverture0-1.png\",\"datePublished\":\"2023-10-09T11:38:18+00:00\",\"dateModified\":\"2026-03-31T14:58:19+00:00\",\"breadcrumb\":{\"@id\":\"https:\/\/www.orthopedix-france.fr\/en\/cascade-dafo\/#breadcrumb\"},\"inLanguage\":\"en-US\",\"potentialAction\":[{\"@type\":\"ReadAction\",\"target\":[\"https:\/\/www.orthopedix-france.fr\/en\/cascade-dafo\/\"]}]},{\"@type\":\"ImageObject\",\"inLanguage\":\"en-US\",\"@id\":\"https:\/\/www.orthopedix-france.fr\/en\/cascade-dafo\/#primaryimage\",\"url\":\"https:\/\/www.orthopedix-france.fr\/app\/uploads\/2023\/12\/mockup-couverture0-1.png\",\"contentUrl\":\"https:\/\/www.orthopedix-france.fr\/app\/uploads\/2023\/12\/mockup-couverture0-1.png\"},{\"@type\":\"BreadcrumbList\",\"@id\":\"https:\/\/www.orthopedix-france.fr\/en\/cascade-dafo\/#breadcrumb\",\"itemListElement\":[{\"@type\":\"ListItem\",\"position\":1,\"name\":\"Accueil\",\"item\":\"https:\/\/www.orthopedix-france.fr\/en\/\"},{\"@type\":\"ListItem\",\"position\":2,\"name\":\"Cascade DAFO\"}]},{\"@type\":\"WebSite\",\"@id\":\"https:\/\/www.orthopedix-france.fr\/en\/#website\",\"url\":\"https:\/\/www.orthopedix-france.fr\/en\/\",\"name\":\"Orthop\u00e9dix\",\"description\":\"Nous innovons, vous avancez !\",\"publisher\":{\"@id\":\"https:\/\/www.orthopedix-france.fr\/en\/#organization\"},\"potentialAction\":[{\"@type\":\"SearchAction\",\"target\":{\"@type\":\"EntryPoint\",\"urlTemplate\":\"https:\/\/www.orthopedix-france.fr\/en\/?s={search_term_string}\"},\"query-input\":{\"@type\":\"PropertyValueSpecification\",\"valueRequired\":true,\"valueName\":\"search_term_string\"}}],\"inLanguage\":\"en-US\"},{\"@type\":\"Organization\",\"@id\":\"https:\/\/www.orthopedix-france.fr\/en\/#organization\",\"name\":\"Orthop\u00e9dix\",\"url\":\"https:\/\/www.orthopedix-france.fr\/en\/\",\"logo\":{\"@type\":\"ImageObject\",\"inLanguage\":\"en-US\",\"@id\":\"https:\/\/www.orthopedix-france.fr\/en\/#\/schema\/logo\/image\/\",\"url\":\"https:\/\/www.orthopedix-france.fr\/app\/uploads\/2023\/09\/cropped-favicon.png\",\"contentUrl\":\"https:\/\/www.orthopedix-france.fr\/app\/uploads\/2023\/09\/cropped-favicon.png\",\"width\":512,\"height\":512,\"caption\":\"Orthop\u00e9dix\"},\"image\":{\"@id\":\"https:\/\/www.orthopedix-france.fr\/en\/#\/schema\/logo\/image\/\"}}]}<\/script>\n<!-- \/ Yoast SEO plugin. -->","yoast_head_json":{"title":"Cascade DAFO | Orthop\u00e9dix","robots":{"index":"index","follow":"follow","max-snippet":"max-snippet:-1","max-image-preview":"max-image-preview:large","max-video-preview":"max-video-preview:-1"},"canonical":"https:\/\/www.orthopedix-france.fr\/en\/cascade-dafo\/","og_locale":"en_US","og_type":"article","og_title":"Cascade DAFO | Orthop\u00e9dix","og_description":"VERSION EN Ils t\u00e9moignent de leur exp\u00e9rience D\u00e9couvrez notre nouveau catalogue Vous pourrez consulter nos diff\u00e9rents produits.","og_url":"https:\/\/www.orthopedix-france.fr\/en\/cascade-dafo\/","og_site_name":"Orthop\u00e9dix","article_modified_time":"2026-03-31T14:58:19+00:00","og_image":[{"url":"https:\/\/www.orthopedix-france.fr\/app\/uploads\/2023\/12\/mockup-couverture0-1.png","type":"","width":"","height":""}],"twitter_card":"summary_large_image","twitter_misc":{"Est. reading time":"1 minute"},"schema":{"@context":"https:\/\/schema.org","@graph":[{"@type":"WebPage","@id":"https:\/\/www.orthopedix-france.fr\/en\/cascade-dafo\/","url":"https:\/\/www.orthopedix-france.fr\/en\/cascade-dafo\/","name":"Cascade DAFO | Orthop\u00e9dix","isPartOf":{"@id":"https:\/\/www.orthopedix-france.fr\/en\/#website"},"primaryImageOfPage":{"@id":"https:\/\/www.orthopedix-france.fr\/en\/cascade-dafo\/#primaryimage"},"image":{"@id":"https:\/\/www.orthopedix-france.fr\/en\/cascade-dafo\/#primaryimage"},"thumbnailUrl":"https:\/\/www.orthopedix-france.fr\/app\/uploads\/2023\/12\/mockup-couverture0-1.png","datePublished":"2023-10-09T11:38:18+00:00","dateModified":"2026-03-31T14:58:19+00:00","breadcrumb":{"@id":"https:\/\/www.orthopedix-france.fr\/en\/cascade-dafo\/#breadcrumb"},"inLanguage":"en-US","potentialAction":[{"@type":"ReadAction","target":["https:\/\/www.orthopedix-france.fr\/en\/cascade-dafo\/"]}]},{"@type":"ImageObject","inLanguage":"en-US","@id":"https:\/\/www.orthopedix-france.fr\/en\/cascade-dafo\/#primaryimage","url":"https:\/\/www.orthopedix-france.fr\/app\/uploads\/2023\/12\/mockup-couverture0-1.png","contentUrl":"https:\/\/www.orthopedix-france.fr\/app\/uploads\/2023\/12\/mockup-couverture0-1.png"},{"@type":"BreadcrumbList","@id":"https:\/\/www.orthopedix-france.fr\/en\/cascade-dafo\/#breadcrumb","itemListElement":[{"@type":"ListItem","position":1,"name":"Accueil","item":"https:\/\/www.orthopedix-france.fr\/en\/"},{"@type":"ListItem","position":2,"name":"Cascade DAFO"}]},{"@type":"WebSite","@id":"https:\/\/www.orthopedix-france.fr\/en\/#website","url":"https:\/\/www.orthopedix-france.fr\/en\/","name":"Orthop\u00e9dix","description":"Nous innovons, vous avancez !","publisher":{"@id":"https:\/\/www.orthopedix-france.fr\/en\/#organization"},"potentialAction":[{"@type":"SearchAction","target":{"@type":"EntryPoint","urlTemplate":"https:\/\/www.orthopedix-france.fr\/en\/?s={search_term_string}"},"query-input":{"@type":"PropertyValueSpecification","valueRequired":true,"valueName":"search_term_string"}}],"inLanguage":"en-US"},{"@type":"Organization","@id":"https:\/\/www.orthopedix-france.fr\/en\/#organization","name":"Orthop\u00e9dix","url":"https:\/\/www.orthopedix-france.fr\/en\/","logo":{"@type":"ImageObject","inLanguage":"en-US","@id":"https:\/\/www.orthopedix-france.fr\/en\/#\/schema\/logo\/image\/","url":"https:\/\/www.orthopedix-france.fr\/app\/uploads\/2023\/09\/cropped-favicon.png","contentUrl":"https:\/\/www.orthopedix-france.fr\/app\/uploads\/2023\/09\/cropped-favicon.png","width":512,"height":512,"caption":"Orthop\u00e9dix"},"image":{"@id":"https:\/\/www.orthopedix-france.fr\/en\/#\/schema\/logo\/image\/"}}]}},"_links":{"self":[{"href":"https:\/\/www.orthopedix-france.fr\/en\/wp-json\/wp\/v2\/pages\/2629","targetHints":{"allow":["GET"]}}],"collection":[{"href":"https:\/\/www.orthopedix-france.fr\/en\/wp-json\/wp\/v2\/pages"}],"about":[{"href":"https:\/\/www.orthopedix-france.fr\/en\/wp-json\/wp\/v2\/types\/page"}],"author":[{"embeddable":true,"href":"https:\/\/www.orthopedix-france.fr\/en\/wp-json\/wp\/v2\/users\/8"}],"replies":[{"embeddable":true,"href":"https:\/\/www.orthopedix-france.fr\/en\/wp-json\/wp\/v2\/comments?post=2629"}],"version-history":[{"count":4,"href":"https:\/\/www.orthopedix-france.fr\/en\/wp-json\/wp\/v2\/pages\/2629\/revisions"}],"predecessor-version":[{"id":2633,"href":"https:\/\/www.orthopedix-france.fr\/en\/wp-json\/wp\/v2\/pages\/2629\/revisions\/2633"}],"wp:attachment":[{"href":"https:\/\/www.orthopedix-france.fr\/en\/wp-json\/wp\/v2\/media?parent=2629"}],"curies":[{"name":"wp","href":"https:\/\/api.w.org\/{rel}","templated":true}]}}